{"id":1919,"date":"2021-09-16T16:31:58","date_gmt":"2021-09-16T14:31:58","guid":{"rendered":"https:\/\/puchet.com\/datenschutzbestimmungen\/"},"modified":"2022-03-10T17:28:19","modified_gmt":"2022-03-10T16:28:19","slug":"datenschutzbestimmungen","status":"publish","type":"page","link":"https:\/\/puchet.com\/de\/datenschutzbestimmungen\/","title":{"rendered":"Datenschutzbestimmungen"},"content":{"rendered":"<p>[et_pb_section fb_built=&#8220;1&#8243; _builder_version=&#8220;4.9.4&#8243; _module_preset=&#8220;default&#8220; global_colors_info=&#8220;{}&#8220;][et_pb_row _builder_version=&#8220;4.9.4&#8243; _module_preset=&#8220;default&#8220; global_colors_info=&#8220;{}&#8220;][et_pb_column type=&#8220;4_4&#8243; _builder_version=&#8220;4.9.4&#8243; _module_preset=&#8220;default&#8220; global_colors_info=&#8220;{}&#8220;][et_pb_text _builder_version=&#8220;4.14.8&#8243; _module_preset=&#8220;default&#8220; header_2_font_size=&#8220;20px&#8220; hover_enabled=&#8220;0&#8243; global_colors_info=&#8220;{}&#8220; header_font=&#8220;|800||on|||||&#8220; header_font_size=&#8220;28px&#8220; header_letter_spacing=&#8220;1px&#8220; header_line_height=&#8220;1.2em&#8220; sticky_enabled=&#8220;0&#8243;]<\/p>\n<h1>Datenschutzbestimmungen<\/h1>\n<p>Nutzer im Alter von unter dreizehn Jahren ben\u00f6tigen die Zustimmung der Eltern oder Erziehungsberechtigten zur Verwendung der pers\u00f6nlichen Daten. In keinem Fall werden von Minderj\u00e4hrigen Daten zum Beruf, der wirtschaftlichen Lage oder pers\u00f6nliche Daten von anderen Familienmitgliedern erhoben, ohne dass deren Zustimmung vorliegt. Wenn Du j\u00fcnger als dreizehn Jahre bist und diese Website ohne die Zustimmung Deiner Eltern nutzt, darfst Du Dich nicht als Nutzer anmelden. Diese Website respektiert und sch\u00fctzt die pers\u00f6nlichen Daten ihrer Nutzer. Als Nutzer m\u00fcssen Sie wissen, dass Ihre Rechte gesch\u00fctzt sind.<\/p>\n<ul>\n<li>Wir erheben keine pers\u00f6nlichen Daten, es sei denn, diese seien n\u00f6tig, um Ihnen die von Ihnen angeforderten Dienstleistungen zu bieten.<\/li>\n<li>Wir leiten die pers\u00f6nlichen Daten unserer Nutzer nicht an Dritte weiter, es sei denn, wir seien gesetzlich dazu verpflichtet oder erhalten Ihre ausdr\u00fcckliche Zustimmung daf\u00fcr.<\/li>\n<li>Pers\u00f6nliche Daten werden in keinem Fall zu Zwecken verwendet, die nicht den in diesen Datenschutzbestimmungen genannten entsprechen.<\/li>\n<\/ul>\n<p>Wir weisen darauf hin, dass diese Datenschutzbestimmungen aufgrund von gesetzlichen Anforderungen oder aus Gr\u00fcnden der Selbstkontrolle \u00c4nderungen unterliegen k\u00f6nnen, daher empfehlen wir unseren Nutzern, sie regelm\u00e4\u00dfig zu lesen. Das gilt insbesondere f\u00fcr F\u00e4lle, in denen unsere Nutzer eines unserer Kontaktformulare ausf\u00fcllen wollen, in denen wir pers\u00f6nliche Daten erheben.<\/p>\n<p>Construcciones y reformas Puchet hat diese Website den Anforderungen folgender Gesetze und Bestimmungen angepasst: Ley Org\u00e1nica 15\/1999, vom 13. Dezember, \u00fcber den Schutz pers\u00f6nlicher Daten (LOPD), und Real Decreto 1720\/2007, vom 21. Dezember, bekannt als die Entwicklungsrichtlinie der LOPD. Die Seite erf\u00fcllt auch die Verordnung (UE) 2016\/679 des Europ\u00e4ischen Parlaments und des Rates vom 27. April 2016 zum Schutz der Personen (RGPD) sowie das Gesetz 34\/2002 vom 11. Juli \u00fcber Dienstleistungen in der Informationsgesellschaft und f\u00fcr den elektronischen Handel (LSSICE oder LSSI).<\/p>\n<h2>Verantwortlich f\u00fcr die Verarbeitung Ihrer pers\u00f6nlichen Daten<\/h2>\n<p>Identit\u00e4t des Verantwortlichen: Construccions Puchet, S.L.<\/p>\n<p>Firmenbezeichnung: Construcciones y reformas Puchet<\/p>\n<p>Steuernummer: B07822307<\/p>\n<p>Anschrift: AVDA. GABRIEL ROCA, 1, PL. 1, LOCAL 17<\/p>\n<p>E-Mail: <a href=\"mailto:info@puchet.com\">info@puchet.com<\/a> <\/p>\n<p>Aktivit\u00e4t: Seite mit Handelsinformationen<\/p>\n<p>F\u00fcr die Verwendung der Nutzerdaten verwenden wir alle technischen und organisatorischen Sicherheitsma\u00dfnahmen, die in der g\u00fcltigen Rechtsprechung vorgeschrieben sind.<\/p>\n<h2>Prinzipien, die wir im Zusammenhang mit Ihren pers\u00f6nlichen Daten anwenden<\/h2>\n<p>Bei der Behandlung Ihrer pers\u00f6nlichen Daten halten wir uns an folgende Prinzipien, die den Anforderungen der neuen europ\u00e4ischen Datenschutzverordnung entsprechen:<\/p>\n<ul>\n<li>Prinzip der Rechtm\u00e4\u00dfigkeit, Loyalit\u00e4t und Transparenz: Wir holen immer Ihr Einverst\u00e4ndnis ein, bevor wir Ihre pers\u00f6nlichen Daten f\u00fcr einen oder mehrere spezifische Zwecke verwenden, \u00fcber die wir Sie im Vorfeld mit absoluter Transparenz informieren werden.<\/li>\n<li>Prinzip der Minimierung der Daten: Wir fragen nur die Daten ab, die f\u00fcr den beabsichtigten Verwendungszweck absolut notwendig sind. So wenige wie m\u00f6glich.<\/li>\n<li>Prinzip der Beschr\u00e4nkung der Archivierung: Wir heben die Daten nur so lange auf, wie es f\u00fcr die beabsichtigte Verwendung absolut notwendig ist. Im Zusammenhang mit der Verwendungsabsicht informieren wir Sie \u00fcber die entsprechende Archivierungsfrist. Wenn es um Abonnements geht, \u00fcberpr\u00fcfen wir regelm\u00e4\u00dfig unsere Listen und l\u00f6schen die Daten von Abonnenten, die \u00fcber einen beachtlichen Zeitraum nicht aktiv waren. revisar\u00e9 mis listas y eliminar\u00e9 aquellos registros inactivos durante un tiempo considerable.<\/li>\n<li>Prinzip der Integrit\u00e4t und Geheimhaltung: Ihre Daten werden so verwendet, dass wir eine angemessene Sicherheit der pers\u00f6nlichen Daten garantieren k\u00f6nnen, ebenso wie deren Geheimhaltung. Wir informieren Sie, dass wir alle notwendigen Vorsichtsma\u00dfnahmen anwenden, um ungenehmigten Zugriff auf die oder unangemessene Nutzung der Daten unserer Nutzer durch Dritte zu verhindern.<\/li>\n<\/ul>\n<h2>Wie kommen wir an Ihre Daten?<\/h2>\n<p>Kontaktformular<\/p>\n<h2>Welche Rechte haben Sie, wenn Sie uns Ihre Daten zuschicken?<\/h2>\n<p>Jede Person hat das Recht, eine Best\u00e4tigung zu erhalten, dass wir in Construcciones y reformas Puchet die pers\u00f6nlichen Daten angemessen verwenden. Interessierte Personen haben das Recht:<\/p>\n<ul>\n<li>Zugang zu den pers\u00f6nlichen Daten der interessierten Person zu erhalten<\/li>\n<li>Die \u00c4nderung oder L\u00f6schung dieser Daten zu fordern<\/li>\n<li>Eine Einschr\u00e4nkung der Verwendung dieser Daten zu verlangen<\/li>\n<li>Sich gegen die Verwendung der Daten auszusprechen Die \u00dcbertragung von Daten zu verlangen<\/li>\n<\/ul>\n<p>Interessierte Personen k\u00f6nnen auf ihre pers\u00f6nlichen Daten zugreifen sowie die \u00c4nderung nicht korrekter Daten verlangen. Sie k\u00f6nnen gegebenenfalls auch die L\u00f6schung dieser Daten verlangen, wenn zum Beispiel die Daten nicht mehr f\u00fcr den Zweck ben\u00f6tigt werden, f\u00fcr den sie urspr\u00fcnglich erhoben wurden. Unter gewissen Umst\u00e4nden k\u00f6nnen die interessierten Personen auch die Beschr\u00e4nkung der Verwendung ihrer Daten verlangen. In dem Fall heben wir sie nur f\u00fcr die Durchf\u00fchrung oder Abwehr von Reklamationen auf.<\/p>\n<p>Unter gewissen Umst\u00e4nden und aus Gr\u00fcnden, die im Zusammenhang mit ihrer pers\u00f6nlichen Situation stehen, k\u00f6nnen interessierte Personen die Verwendung ihrer Daten sperren. Construccions Puchet, S.L. wird dann die Daten nicht mehr verwenden, mit Ausnahme von zwingenden gesetzlichen Gr\u00fcnden oder zur Durchf\u00fchrung oder Abwehr von m\u00f6glichen Reklamationen. Als Interessierter haben Sie das Recht, Ihre eigenen pers\u00f6nlichen Daten, die Sie uns zur Verf\u00fcgung gestellt hatten, in einem strukturierten, allgemein verwendeten und mechanisch lesbaren Format zu erhalten und sie einem anderen Verantwortlichen f\u00fcr die Verarbeitung der Daten zu \u00fcbermitteln, wenn:<\/p>\n<ul>\n<li>Die Verarbeitung der Daten auf einem Konsens beruht.<\/li>\n<li>Die Daten von der interessierten Person zur Verf\u00fcgung gestellt wurden.<\/li>\n<li>Die Datenverarbeitung durch automatisierte Medien geschieht.<\/li>\n<\/ul>\n<p>Wenn Sie Ihr Recht auf \u00dcbermittlung der Daten aus\u00fcben, haben Sie ein Recht darauf, dass die pers\u00f6nlichen Daten direkt von einem Verantwortlichen zum anderen \u00fcbermittelt werden, insofern dies technisch m\u00f6glich ist.<\/p>\n<p>Die interessierten Personen haben ebenfalls ein Recht auf wirksamen Rechtsschutz und k\u00f6nnen eine Reklamation vor der zust\u00e4ndigen Kontrollbeh\u00f6rde vorbringen, in diesem Fall die spanische Datenschutzbeh\u00f6rde, wenn sie der Ansicht sind, dass ihre pers\u00f6nlichen Daten nicht in \u00dcbereinstimmung mit den geltenden Verordnungen verwendet wurden.<\/p>\n<h2>Zu welchem Zweck verwenden wir Ihre pers\u00f6nlichen Daten?<\/h2>\n<p>Wenn ein Nutzer sich in diese Website einloggt, um zum Beispiel einen Post zu kommentieren, eine E-Mail zu schicken, sich als Abonnent anzumelden oder einen Auftrag zu \u00fcbermitteln, \u00fcbermittelt er gleichzeitig pers\u00f6nliche Daten, f\u00fcr die Construcciones y reformas Puchet verantwortlich ist. Diese Informationen k\u00f6nnen pers\u00f6nliche Daten enthalten, zum Beispiel Ihren Namen, E-Mail-Adresse und andere Informationen. Indem der Nutzer diese Informationen \u00fcbermittelt, gibt er seine Zustimmung zur Sammlung, Verwendung, Verwaltung und Archivierung seiner Informationen durch https:\/\/puchet.com auf die Art und Weise, wie im Impressum und in diesen Datenschutzbestimmungen beschrieben ist.<\/p>\n<p>Construcciones y reformas Puchet hat verschiedene Systeme zur Erhebung von pers\u00f6nlichen Daten und Verwendung der Informationen, die uns interessierte Personen mit der folgenden Zielsetzung in den unterschiedlichen Erhebungssystemen (Formularen) zur Verf\u00fcgung stellen:<\/p>\n<ul>\n<li>Kontaktformular<\/li>\n<\/ul>\n<p>Die pers\u00f6nlichen Daten, die in den obenstehenden Formularen erhoben werden, sind folgende: Name, E-Mail-Adresse und Informationen zur IP-Adresse. Es gibt noch weitere Gr\u00fcnde, warum wir Ihre pers\u00f6nlichen Daten verwenden:<\/p>\n<ul>\n<li>Um die Einhaltung der Nutzungsbedingungen und der geltenden Gesetze sicherzustellen. Dies kann die Entwicklung von Tools und Algorithmen umfassen, die dieser Website dabei helfen, die Geheimhaltung der von ihr gesammelten pers\u00f6nlichen Daten zu garantieren.<\/li>\n<li>Um die Dienstleistungen, die diese Website anbietet, zu unterst\u00fctzen und zu verbessern.<\/li>\n<li>Wir sammeln auch nicht identifizierende Daten mit Hilfe von Cookies, die auf den Computer des Nutzers geladen werden, wenn dieser durch die Website navigiert. Details dazu finden Sie in den Cookie-Richtlinien.<\/li>\n<\/ul>\n<p>In \u00dcbereinstimmung mit der generellen europ\u00e4ischen Datenschutzrichtlinie (RGPD) 2016\/679 ist Construccions Puchet, S.L. (Construcciones y reformas Puchet) mit Sitz in Avda. Gabriel Roca i Garc\u00edas, n1, pl. 1, local 17, CC Ses Veles, 07157 Port d&#8217;Andratx, Islas Baleares f\u00fcr die Verarbeitung der entsprechenden Daten von Nutzern der Website und Abonnenten verantwortlich.<\/p>\n<p>Ohne vorherige Zustimmung werden pers\u00f6nliche Daten, die den Nutzer identifizieren k\u00f6nnen, von Construcciones y reformas Puchet an Dritte weder verkauft noch vermietet oder abgetreten, und das wird auch in Zukunft nicht geschehen. Jedoch kann es in einigen F\u00e4llen zu Kollaborationen mit anderen Fachkr\u00e4ften kommen. In diesen F\u00e4llen wird die Zustimmung der Nutzer erbeten, dabei werden diese \u00fcber die Identit\u00e4t der Partner und den Zweck der Zusammenarbeit informiert. Dies geschieht stets unter Beachtung der strengsten Sicherheitsstandards.<\/p>\n<h2>Legitimierung f\u00fcr die Verwendung Ihrer Daten<\/h2>\n<p>Die rechtliche Grundlage f\u00fcr die Verwendung Ihrer Daten ist: Ihre Zustimmung<\/p>\n<p>Um uns \u00fcber diese Website zu kontaktieren oder Kommentare abzugeben, wird stets die Zustimmung zu diesen Datenschutzbestimmungen vorausgesetzt.<\/p>\n<p>Das Angebot von Produkten und Dienstleistungen basiert auf Ihrem Einverst\u00e4ndnis, um das Sie gebeten werden, ohne dass der R\u00fcckzug dieses Einverst\u00e4ndnisses sich auf die Erf\u00fcllung des Abonnement-Vertrages auswirkt.<\/p>\n<h2>Kategorien der Daten<\/h2>\n<p>Die Daten, die verwendet werden, fallen unter die Kategorie der identifizierenden Daten. Wir arbeiten nicht mit Daten, die unter Kategorien mit spezifischem Datenschutz fallen.<\/p>\n<h2>Wie lange heben wir Ihre Daten auf?<\/h2>\n<p>Die pers\u00f6nlichen Daten, die Sie uns zur Verf\u00fcgung stellen, werden aufgehoben:<\/p>\n<ul>\n<li>Solange die interessierte Person nicht ihre L\u00f6schung beantragt.<\/li>\n<\/ul>\n<h2>Welchen Adressaten lassen wir Ihre Daten zukommen?<\/h2>\n<p>Viele Tools, die wir verwenden, um Ihre Daten zu verarbeiten, werden von Dritten angeboten. Um die Dienstleistungen anzubieten, die unbedingt f\u00fcr die Durchf\u00fchrung der Aktivit\u00e4t notwendig sind, teilt https:\/\/puchet.com Daten mit folgenden Dienstleistern, die jeweils ihre eigenen Datenschutzbestimmungen haben:<\/p>\n<p><strong>Google (Analytics, Gmail\u2026)<\/strong>: Ein Service der Firma Google, Inc. mit Hauptsitz in 600 Amphitheatre Parkway, Mountain View (California), CA 94043, USA. Google (Analytics, Gmail\u2026) verwendet Cookies, um zu analysieren, wie die Nutzer von https:\/\/puchet.com diese Website nutzen. Sie finden die Datenschutzbestimmungen unter: <a href=\"https:\/\/policies.google.com\/privacy?hl=es\" target=\"_blank\" rel=\"noopener\">Datenschutzerkl\u00e4rung von Google (Analytics, Gmail&#8230;).<\/a><\/p>\n<p><strong>WordPress<\/strong>: Ein Service der Firma WordPress.org mit Hauptsitz in den USA. WordPress nutzt Cookies, um https:\/\/puchet.com zu helfen, unsere Dienstleistungen auf der Onlineplattform anzubieten. Sie finden die Datenschutzbestimmungen unter: <a href=\"https:\/\/es.wordpress.org\/about\/privacy\/\" target=\"_blank\" rel=\"noopener\">Datenschutzerkl\u00e4rung von WordPress.<\/a><\/p>\n<h2>Navigation<\/h2>\n<p>W\u00e4hrend Sie auf der Onlineplattform https:\/\/puchet.com navigieren, k\u00f6nnen wir nicht identifizierbare Daten erheben, zu denen zum Beispiel IP-Adressen, geographischer Standort (ungef\u00e4hr), Aufzeichnungen \u00fcber die Art der Nutzung der Dienstleistungen und Sites sowie andere Daten geh\u00f6ren k\u00f6nnen, die nicht verwendet werden k\u00f6nnen, um den Nutzer zu identifizieren. Zu den nicht identifizierbaren Daten geh\u00f6ren auch solche im Zusammenhang mit Ihren Navigationsgewohnheiten durch Dienstleistungen Dritter. Diese Website nutzt folgende Analyseservices Dritter:<\/p>\n<ul>\n<li>Google Analytics<\/li>\n<\/ul>\n<p>Wir nutzen diese Informationen, um Trends zu analysieren, die Site zu verwalten, die Navigation der Nutzer auf der Website zu verfolgen und demographische Informationen \u00fcber die Gesamtheit unserer Nutzer zu erheben.<\/p>\n<p>Geheimhaltung und Datenschutz<\/p>\n<p>Https:\/\/puchet.com verpflichtet sich bei der Nutzung und Verarbeitung der pers\u00f6nlichen Daten der Nutzer zu Geheimhaltung; die Daten werden nur entsprechend der Zielsetzung f\u00fcr die Nutzung und Verarbeitung verwendet; und dabei erf\u00fcllen wir unsere Verpflichtung, sie aufzubewahren und alle Ma\u03b2nahmen zu ergreifen, um sie vor Ver\u00e4nderung, Verlust, unbefugtem Zugriff und Ver\u00e4nderung zu sch\u00fctzen, wie es in den geltenden Regelungen zum Datenschutz festgelegt ist.<\/p>\n<p>Diese Website enth\u00e4lt ein SSL-Zertifikat. Es handelt sich um ein Sicherheitsprotokoll, das es Ihren Daten erm\u00f6glicht, in vollem Umfang und sicher zu \u201ereisen\u201c, das bedeutet eine komplett verschl\u00fcsselte Daten\u00fcbertragung in R\u00fcckkopplung zwischen einem Server und einem Nutzer der Website.<\/p>\n<p>Https:\/\/puchet.com kann keine absolute Unangreifbarkeit des Internet und damit verbundene \u00dcbergriffe auf Daten durch betr\u00fcgerischen Zugriff Dritter garantieren.<\/p>\n<p>Hinsichtlich der Geheimhaltung bei der Verarbeitung wird sich Construccions Puchet, S.L. versichern, dass alle Personen, die von Construcciones y reformas Puchet mit der Verarbeitung von Kundendaten (sowie Daten von Mitarbeitern, Partnern und Dienstleistern) beauftragt werden, eine angemessene Geheimhaltungsverpflichtung eingehen (sei es vertraglich oder rechtlich).<\/p>\n<p>Wenn Construcciones y reformas Puchet sich eines Sicherheitsvorfalls bewusst wird, muss das Unternehmen unverz\u00fcglich den Kunden davon informieren und angemessene Informationen im Zusammenhang mit dem Sicherheitsvorfall liefern, soweit man \u00fcber diese verf\u00fcgt oder wenn der Kunde diese in einem vern\u00fcnftigen Umfang anfordert.<\/p>\n<h2>Genauigkeit und Wahrhaftigkeit der Daten<\/h2>\n<p>Sie als Nutzer sind der einzig Verantwortliche f\u00fcr die Wahrhaftigkeit und Korrektheit der Daten, die Sie an https:\/\/puchet.com \u00fcbermitteln, und entheben Construccions Puchet, S.L. (Construcciones y reformas Puchet) jeglicher Verantwortung in diesem Zusammenhang.<\/p>\n<p>Die Nutzer garantieren und stehen in jedem Fall f\u00fcr die Genauigkeit, G\u00fcltigkeit und Wahrheit der pers\u00f6nlichen Daten, die sie angeben, und sie verpflichten sich dazu, die Daten ordnungsgem\u00e4\u00df zu aktualisieren. Der Nutzer erkl\u00e4rt sich bereit, im Kontakt- oder Abonnementformular vollst\u00e4ndige und korrekte Informationen zu \u00fcbermitteln.<\/p>\n<h2>Akzeptanz und Zustimmung<\/h2>\n<p>Der Nutzer erkl\u00e4rt, \u00fcber die Bedingungen des Schutzes pers\u00f6nlicher Daten informiert worden zu sein, und akzeptiert und stimmt deren Verarbeitung durch Construccions Puchet, S.L. (Construcciones y reformas Puchet) auf die Art und Weise und zu den in dieser Datenschutzerkl\u00e4rung dargelegten Zielsetzungen zu.<\/p>\n<p><strong>R\u00fccknahme<\/strong><\/p>\n<p>Die gegebene Zustimmung sowohl f\u00fcr die Verarbeitung als auch f\u00fcr die \u00dcberlassung der Daten der interessierten Personen kann jederzeit zur\u00fcckgenommen werden. Dazu teilt der Nutzer dies Construccions Puchet, S.L. (Construcciones y reformas Puchet) entsprechend der in dieser Datenschutzerkl\u00e4rung f\u00fcr die Rechte auf Zugriff, Berichtigung, L\u00f6schung und Einspruch gegen die Datenverarbeitung festgelegten Form mit. Diese R\u00fccknahme kann in keinem Fall r\u00fcckwirkend stattfinden.<\/p>\n<h2>\u00c4nderungen der Datenschutzbestimmungen<\/h2>\n<p>Construccions Puchet, S.L. beh\u00e4lt sich das Recht vor, die vorliegenden Datenschutzbestimmungen zu \u00e4ndern, um sie Neuerungen der Gesetze oder der Rechtsprechung sowie der Gepflogenheiten der Industrie anzupassen. In solchen F\u00e4llen wird Construccions Puchet, S.L. derartige \u00c4nderungen mit angemessenem Vorlauf auf dieser Site ank\u00fcndigen.<\/p>\n<p><strong>Kommerzielle Kommunikationen<\/strong><\/p>\n<p>Entsprechend des Gesetzes f\u00fcr Dienstleistungen in der Informationsgesellschaft und f\u00fcr den elektronischen Handel LSSICE \u00fcbt https:\/\/puchet.com keine SPAM-Praktiken aus, verschickt also keine kommerziellen Informationen per E-Mail, die nicht zuvor vom Nutzer angefordert oder autorisiert wurden. Dementsprechend kann der Nutzer bei allen Formularen auf der Website seine ausdr\u00fcckliche Zustimmung geben, um den Newsletter zu erhalten, unabh\u00e4ngig von kommerziellen Informationen, die er in Einzelf\u00e4llen anfordern kann.<\/p>\n<p>Entsprechend dem Gesetz 34\/2002 f\u00fcr Dienstleistungen in der Informationsgesellschaft und f\u00fcr den elektronischen Handel verpflichtet sich https:\/\/puchet.com, keine kommerziellen Informationen zu schicken, ohne diese ordnungsgem\u00e4\u00df auszuzeichnen.<\/p>\n<p>[\/et_pb_text][\/et_pb_column][\/et_pb_row][\/et_pb_section]<\/p>\n","protected":false},"excerpt":{"rendered":"<p>Datenschutzbestimmungen Nutzer im Alter von unter dreizehn Jahren ben\u00f6tigen die Zustimmung der Eltern oder Erziehungsberechtigten zur Verwendung der pers\u00f6nlichen Daten. In keinem Fall werden von Minderj\u00e4hrigen Daten zum Beruf, der wirtschaftlichen Lage oder pers\u00f6nliche Daten von anderen Familienmitgliedern erhoben, ohne dass deren Zustimmung vorliegt. Wenn Du j\u00fcnger als dreizehn Jahre bist und diese Website ohne [&hellip;]<\/p>\n","protected":false},"author":1,"featured_media":0,"parent":0,"menu_order":0,"comment_status":"closed","ping_status":"closed","template":"","meta":{"_acf_changed":false,"_et_pb_use_builder":"on","_et_pb_old_content":"","_et_gb_content_width":"","footnotes":""},"class_list":["post-1919","page","type-page","status-publish","hentry"],"acf":[],"aioseo_notices":[],"_links":{"self":[{"href":"https:\/\/puchet.com\/de\/wp-json\/wp\/v2\/pages\/1919","targetHints":{"allow":["GET"]}}],"collection":[{"href":"https:\/\/puchet.com\/de\/wp-json\/wp\/v2\/pages"}],"about":[{"href":"https:\/\/puchet.com\/de\/wp-json\/wp\/v2\/types\/page"}],"author":[{"embeddable":true,"href":"https:\/\/puchet.com\/de\/wp-json\/wp\/v2\/users\/1"}],"replies":[{"embeddable":true,"href":"https:\/\/puchet.com\/de\/wp-json\/wp\/v2\/comments?post=1919"}],"version-history":[{"count":0,"href":"https:\/\/puchet.com\/de\/wp-json\/wp\/v2\/pages\/1919\/revisions"}],"wp:attachment":[{"href":"https:\/\/puchet.com\/de\/wp-json\/wp\/v2\/media?parent=1919"}],"curies":[{"name":"wp","href":"https:\/\/api.w.org\/{rel}","templated":true}]}}